{"id":17885,"date":"2023-05-16T10:11:20","date_gmt":"2023-05-16T10:11:20","guid":{"rendered":"https:\/\/direzionemuseiroma.cultura.gov.it\/amministrazione-trasparente\/personale\/curriculum-e-retribuzione-del-dirigente\/"},"modified":"2024-08-09T08:45:25","modified_gmt":"2024-08-09T08:45:25","slug":"curriculum-e-retribuzione-del-dirigente","status":"publish","type":"page","link":"https:\/\/direzionemuseiroma.cultura.gov.it\/en\/amministrazione-trasparente\/personale\/curriculum-e-retribuzione-del-dirigente\/","title":{"rendered":"Curriculum e retribuzione del Dirigente"},"content":{"rendered":"\t\t<div data-elementor-type=\"wp-page\" data-elementor-id=\"17885\" class=\"elementor elementor-17885 elementor-1650\" data-elementor-post-type=\"page\">\n\t\t\t\t\t\t\t\t\t<section class=\"elementor-section elementor-top-section elementor-element elementor-element-90bce6c elementor-section-boxed elementor-section-height-default elementor-section-height-default wpr-particle-no wpr-jarallax-no wpr-parallax-no wpr-sticky-section-no elementor-invisible\" data-id=\"90bce6c\" data-element_type=\"section\" data-settings=\"{&quot;animation&quot;:&quot;fadeIn&quot;}\">\n\t\t\t\t\t\t<div class=\"elementor-container elementor-column-gap-default\">\n\t\t\t\t\t<div class=\"elementor-column elementor-col-50 elementor-top-column elementor-element elementor-element-a5a449c\" data-id=\"a5a449c\" data-element_type=\"column\">\n\t\t\t<div class=\"elementor-widget-wrap elementor-element-populated\">\n\t\t\t\t\t\t\t\t<div class=\"elementor-element elementor-element-e08f8fc elementor-widget__width-inherit elementor-widget elementor-widget-text-editor\" data-id=\"e08f8fc\" data-element_type=\"widget\" data-widget_type=\"text-editor.default\">\n\t\t\t\t<div class=\"elementor-widget-container\">\n\t\t\t<style>\/*! elementor - v3.15.0 - 09-08-2023 *\/\n.elementor-widget-text-editor.elementor-drop-cap-view-stacked .elementor-drop-cap{background-color:#69727d;color:#fff}.elementor-widget-text-editor.elementor-drop-cap-view-framed .elementor-drop-cap{color:#69727d;border:3px solid;background-color:transparent}.elementor-widget-text-editor:not(.elementor-drop-cap-view-default) .elementor-drop-cap{margin-top:8px}.elementor-widget-text-editor:not(.elementor-drop-cap-view-default) .elementor-drop-cap-letter{width:1em;height:1em}.elementor-widget-text-editor .elementor-drop-cap{float:left;text-align:center;line-height:1;font-size:50px}.elementor-widget-text-editor .elementor-drop-cap-letter{display:inline-block}<\/style>\t\t\t\t\t\t\t\t\t\t<\/div>\n\t\t\t\t<\/div>\n\t\t\t\t<div class=\"elementor-element elementor-element-02405fc elementor-widget elementor-widget-text-editor\" data-id=\"02405fc\" data-element_type=\"widget\" data-widget_type=\"text-editor.default\">\n\t\t\t\t<div class=\"elementor-widget-container\">\n\t\t\t\t\t\t\t<div class=\"x_elementToProof\">Dal 01\/09\/2023<\/div>\n<div class=\"x_elementToProof\"><strong>INCARICO<\/strong><\/div>\n<div class=\"x_elementToProof x_ContentPasted1\">\n<div class=\"x_ContentPasted1\">Direzione Musei Statali della Citt\u00e0 di Roma<\/div>\n<div class=\"x_ContentPasted1\"><strong>NOMINATIVO<\/strong><\/div>\n<div class=\"x_ContentPasted1\">Prof. Massimo Osanna (Direttore Generale avocante)<\/div>\n<div class=\"x_ContentPasted1\"><strong>ESTREMI DEGLI ATTI DI CONFERIMENTO<\/strong><\/div>\n<p>D.D. n. 857 del 30\/08\/2023<\/p>\n<\/div>\n<div class=\"x_elementToProof\"> <\/div>\n<div class=\"x_elementToProof\"><a href=\"\/wp-content\/uploads\/2023\/10\/Massimo-Osanna-Curriculum2020.pdf\" target=\"_blank\" rel=\"noopener\">CURRICULUM VITAE<\/a><\/div>\n<div class=\"x_elementToProof\"> <\/div>\n<div class=\"x_elementToProof\">&#8212;&#8212;&#8212;&#8212;&#8212;&#8212;&#8212;-<\/div>\n<div class=\"x_elementToProof\">Dal 04\/11\/2020 al 30\/08\/2023<\/div>\n<p><strong>INCARICO<\/strong><br \/>Direzione Musei Statali della Citt\u00e0 di Roma<br \/><strong>NOMINATIVO<\/strong><br \/>Dott.ssa Mariastella Margozzi<br \/><strong>STIPENDIO TABELLARE<\/strong><br \/>\u20ac 45.260,77<br \/><strong>RETRIBUZIONE DI POSIZIONE FISSA<\/strong><br \/>\u20ac 12.565,11<br \/><strong>RETRIBUZIONE DI POSIZIONE VARIABILE<\/strong><br \/>\u20ac 25.000,00<br \/><strong>TOTALE ANNO LORDO<\/strong><br \/>\u20ac 82.825,88<\/p>\n<p><strong>DICHIARAZIONE SULL\u2019INSUSSISTENZA DELLE CAUSE DI INCONFERIBILIT\u00c0 E INCOMPATIBILIT\u00c0 DELL\u2019INCARICO<\/strong><br \/>Assolta<br \/><strong>ESTREMI DEGLI ATTI DI CONFERIMENTO<\/strong><br \/>D.D. n. 748 del 4.11.2020<\/p>\n<p><a href=\"https:\/\/dmsrm.futuretechlead.com\/wp-content\/uploads\/2023\/05\/CV_Mariastella_Margozzi_2021.pdf\" target=\"_blank\" rel=\"noopener noreferrer\">CURRICULUM VITAE<\/a><\/p>\n<p><strong>ALLEGATI:<\/strong><br \/><a href=\"https:\/\/dmsrm.futuretechlead.com\/wp-content\/uploads\/2023\/05\/Margozzi-trasparenza-All.-1-missioni.pdf\" target=\"_blank\" rel=\"noopener noreferrer\">Importi di viaggi di servizio e missioni (All.1)<\/a><br \/><a href=\"https:\/\/dmsrm.futuretechlead.com\/wp-content\/uploads\/2023\/05\/Margozzi-trasparenza-All.-2.pdf\" target=\"_blank\" rel=\"noopener noreferrer\">emolumenti complessivi percepiti a carico finanza pubblica (All.2)<\/a><br \/><a href=\"https:\/\/dmsrm.futuretechlead.com\/wp-content\/uploads\/2023\/05\/Margozzi-trasparenza-All.-3.pdf\" target=\"_blank\" rel=\"noopener noreferrer\">dichiarazione insussistenza cause incompatibilit\u00e0 e inconferibilit\u00e0 (All.3)<\/a><br \/><a href=\"https:\/\/dmsrm.futuretechlead.com\/wp-content\/uploads\/2023\/05\/Margozzi-trasparenza-All.-4.pdf\" target=\"_blank\" rel=\"noopener noreferrer\">dichiarazione annuale insussistenza incompatibilit\u00e0 e inconferibilit\u00e0 (All.4)<\/a><\/p>\n\t\t\t\t\t\t<\/div>\n\t\t\t\t<\/div>\n\t\t\t\t\t<\/div>\n\t\t<\/div>\n\t\t\t\t<div class=\"elementor-column elementor-col-50 elementor-top-column elementor-element elementor-element-008a0da\" data-id=\"008a0da\" data-element_type=\"column\" data-settings=\"{&quot;background_background&quot;:&quot;classic&quot;}\">\n\t\t\t<div class=\"elementor-widget-wrap elementor-element-populated\">\n\t\t\t\t\t\t\t\t<div class=\"elementor-element elementor-element-9af0647 sidebar-custom elementor-widget elementor-widget-sidebar\" data-id=\"9af0647\" data-element_type=\"widget\" data-widget_type=\"sidebar.default\">\n\t\t\t\t<div class=\"elementor-widget-container\">\n\t\t\t<li id=\"nav_menu-3\" class=\"widget widget_nav_menu\"><div class=\"menu-menu-amministrazione-trasparente-inglese-container\"><ul id=\"menu-menu-amministrazione-trasparente-inglese\" class=\"menu\"><li id=\"menu-item-18011\" class=\"menu-item menu-item-type-post_type menu-item-object-page menu-item-18011\"><a href=\"https:\/\/direzionemuseiroma.cultura.gov.it\/en\/amministrazione-trasparente\/disposizioni-generali\/\">Disposizioni generali<\/a><\/li>\n<li id=\"menu-item-18012\" class=\"menu-item menu-item-type-post_type menu-item-object-page menu-item-has-children menu-item-18012\"><a href=\"https:\/\/direzionemuseiroma.cultura.gov.it\/en\/amministrazione-trasparente\/organizzazione\/\">Organizzazione<\/a>\n<ul class=\"sub-menu\">\n\t<li id=\"menu-item-18013\" class=\"menu-item menu-item-type-post_type menu-item-object-page menu-item-18013\"><a href=\"https:\/\/direzionemuseiroma.cultura.gov.it\/en\/amministrazione-trasparente\/organizzazione\/organi-di-indirizzo-politico-amministrativo\/\">Organi di indirizzo politico-amministrativo<\/a><\/li>\n\t<li id=\"menu-item-18014\" class=\"menu-item menu-item-type-post_type menu-item-object-page menu-item-18014\"><a href=\"https:\/\/direzionemuseiroma.cultura.gov.it\/en\/amministrazione-trasparente\/organizzazione\/sanzioni-per-mancata-comunicazione-dei-dati\/\">Sanzioni per mancata comunicazione dei dati<\/a><\/li>\n\t<li id=\"menu-item-18015\" class=\"menu-item menu-item-type-post_type menu-item-object-page menu-item-has-children menu-item-18015\"><a href=\"https:\/\/direzionemuseiroma.cultura.gov.it\/en\/amministrazione-trasparente\/organizzazione\/articolazione-degli-uffici\/\">Articolazione degli uffici<\/a>\n\t<ul class=\"sub-menu\">\n\t\t<li id=\"menu-item-18016\" class=\"menu-item menu-item-type-post_type menu-item-object-page menu-item-18016\"><a href=\"https:\/\/direzionemuseiroma.cultura.gov.it\/en\/amministrazione-trasparente\/organizzazione\/organigramma\/\">Organigramma<\/a><\/li>\n\t<\/ul>\n<\/li>\n<\/ul>\n<\/li>\n<li id=\"menu-item-18017\" class=\"menu-item menu-item-type-post_type menu-item-object-page menu-item-18017\"><a href=\"https:\/\/direzionemuseiroma.cultura.gov.it\/en\/amministrazione-trasparente\/consulenti-e-collaboratori\/\">Consulenti e collaboratori<\/a><\/li>\n<li id=\"menu-item-18018\" class=\"menu-item menu-item-type-post_type menu-item-object-page menu-item-has-children menu-item-18018\"><a href=\"https:\/\/direzionemuseiroma.cultura.gov.it\/en\/amministrazione-trasparente\/personale\/\">Personale<\/a>\n<ul class=\"sub-menu\">\n\t<li id=\"menu-item-18019\" class=\"menu-item menu-item-type-post_type menu-item-object-page menu-item-18019\"><a href=\"https:\/\/direzionemuseiroma.cultura.gov.it\/en\/amministrazione-trasparente\/personale\/curriculum-e-retribuzione-del-dirigente\/\">Curriculum e retribuzione del Dirigente<\/a><\/li>\n\t<li id=\"menu-item-18020\" class=\"menu-item menu-item-type-post_type menu-item-object-page menu-item-18020\"><a href=\"https:\/\/direzionemuseiroma.cultura.gov.it\/en\/amministrazione-trasparente\/personale\/tassi-di-assenza\/\">Tassi di assenza<\/a><\/li>\n\t<li id=\"menu-item-18021\" class=\"menu-item menu-item-type-post_type menu-item-object-page menu-item-18021\"><a href=\"https:\/\/direzionemuseiroma.cultura.gov.it\/en\/amministrazione-trasparente\/personale\/incarichi-personale-interno\/\">Incarichi personale interno<\/a><\/li>\n\t<li id=\"menu-item-18022\" class=\"menu-item menu-item-type-post_type menu-item-object-page menu-item-18022\"><a href=\"https:\/\/direzionemuseiroma.cultura.gov.it\/en\/amministrazione-trasparente\/personale\/dirigenti\/\">Dirigenti<\/a><\/li>\n\t<li id=\"menu-item-18023\" class=\"menu-item menu-item-type-post_type menu-item-object-page menu-item-18023\"><a href=\"https:\/\/direzionemuseiroma.cultura.gov.it\/en\/amministrazione-trasparente\/personale\/posizioni-organizzative\/\">Posizioni organizzative<\/a><\/li>\n\t<li id=\"menu-item-18024\" class=\"menu-item menu-item-type-post_type menu-item-object-page menu-item-18024\"><a href=\"https:\/\/direzionemuseiroma.cultura.gov.it\/en\/amministrazione-trasparente\/personale\/compensi-in-conto-terzi\/\">Compensi in conto terzi<\/a><\/li>\n<\/ul>\n<\/li>\n<li id=\"menu-item-18025\" class=\"menu-item menu-item-type-post_type menu-item-object-page menu-item-has-children menu-item-18025\"><a href=\"https:\/\/direzionemuseiroma.cultura.gov.it\/en\/amministrazione-trasparente\/bandi-di-gara-e-contratti\/\">Bandi di gara e contratti<\/a>\n<ul class=\"sub-menu\">\n\t<li id=\"menu-item-18026\" class=\"menu-item menu-item-type-post_type menu-item-object-page menu-item-18026\"><a href=\"https:\/\/direzionemuseiroma.cultura.gov.it\/en\/amministrazione-trasparente\/bandi-di-gara-e-contratti\/informazioni-sulle-singole-procedure-in-formato-tabellare\/\">Informazioni sulle singole procedure in formato tabellare<\/a><\/li>\n\t<li id=\"menu-item-18027\" class=\"menu-item menu-item-type-post_type menu-item-object-page menu-item-18027\"><a href=\"https:\/\/direzionemuseiroma.cultura.gov.it\/en\/amministrazione-trasparente\/bandi-di-gara-e-contratti\/decreti\/\">Decreti<\/a><\/li>\n\t<li id=\"menu-item-18028\" class=\"menu-item menu-item-type-post_type menu-item-object-page menu-item-18028\"><a href=\"https:\/\/direzionemuseiroma.cultura.gov.it\/en\/amministrazione-trasparente\/bandi-di-gara-e-contratti\/determine\/\">Determine<\/a><\/li>\n\t<li id=\"menu-item-18029\" class=\"menu-item menu-item-type-post_type menu-item-object-page menu-item-18029\"><a href=\"https:\/\/direzionemuseiroma.cultura.gov.it\/en\/amministrazione-trasparente\/bandi-di-gara-e-contratti\/verbali\/\">Verbali<\/a><\/li>\n\t<li id=\"menu-item-18030\" class=\"menu-item menu-item-type-post_type menu-item-object-page menu-item-18030\"><a href=\"https:\/\/direzionemuseiroma.cultura.gov.it\/en\/amministrazione-trasparente\/bandi-di-gara-e-contratti\/convenzioni\/\">Convenzioni<\/a><\/li>\n\t<li id=\"menu-item-18031\" class=\"menu-item menu-item-type-post_type menu-item-object-page menu-item-18031\"><a href=\"https:\/\/direzionemuseiroma.cultura.gov.it\/en\/amministrazione-trasparente\/bandi-di-gara-e-contratti\/adempimenti-legge-190-2012\/\">Adempimenti legge 190\/2012<\/a><\/li>\n\t<li id=\"menu-item-18032\" class=\"menu-item menu-item-type-post_type menu-item-object-page menu-item-18032\"><a href=\"https:\/\/direzionemuseiroma.cultura.gov.it\/en\/amministrazione-trasparente\/bandi-di-gara-e-contratti\/albo-fornitori\/\">Albo fornitori<\/a><\/li>\n\t<li id=\"menu-item-18033\" class=\"menu-item menu-item-type-post_type menu-item-object-page menu-item-18033\"><a href=\"https:\/\/direzionemuseiroma.cultura.gov.it\/en\/amministrazione-trasparente\/bandi-di-gara-e-contratti\/repertorio-contratti\/\">Repertorio contratti<\/a><\/li>\n\t<li id=\"menu-item-18034\" class=\"menu-item menu-item-type-post_type menu-item-object-page menu-item-18034\"><a href=\"https:\/\/direzionemuseiroma.cultura.gov.it\/en\/amministrazione-trasparente\/bandi-di-gara-e-contratti\/contratti-di-sponsorizzazione\/\">Contratti di sponsorizzazione<\/a><\/li>\n\t<li id=\"menu-item-18035\" class=\"menu-item menu-item-type-post_type menu-item-object-page menu-item-18035\"><a href=\"https:\/\/direzionemuseiroma.cultura.gov.it\/en\/amministrazione-trasparente\/bandi-di-gara-e-contratti\/commissioni-di-gara\/\">Commissioni di gara<\/a><\/li>\n\t<li id=\"menu-item-18036\" class=\"menu-item menu-item-type-post_type menu-item-object-page menu-item-18036\"><a href=\"https:\/\/direzionemuseiroma.cultura.gov.it\/en\/obblighi-di-pubblicazione\/\">Obblighi di pubblicazione<\/a><\/li>\n\t<li id=\"menu-item-18037\" class=\"menu-item menu-item-type-post_type menu-item-object-page menu-item-18037\"><a href=\"https:\/\/direzionemuseiroma.cultura.gov.it\/en\/patto-di-integrita\/\">Patto di integrit\u00e0<\/a><\/li>\n\t<li id=\"menu-item-18038\" class=\"menu-item menu-item-type-post_type menu-item-object-page menu-item-18038\"><a href=\"https:\/\/direzionemuseiroma.cultura.gov.it\/en\/sponsorizzazioni\/\">Sponsorizzazioni<\/a><\/li>\n<\/ul>\n<\/li>\n<li id=\"menu-item-18039\" class=\"menu-item menu-item-type-post_type menu-item-object-page menu-item-has-children menu-item-18039\"><a href=\"https:\/\/direzionemuseiroma.cultura.gov.it\/en\/convenzioni-contributi-sussidi-vantaggi-economici\/\">Convenzioni, contributi, sussidi, vantaggi economici<\/a>\n<ul class=\"sub-menu\">\n\t<li id=\"menu-item-18040\" class=\"menu-item menu-item-type-post_type menu-item-object-page menu-item-18040\"><a href=\"https:\/\/direzionemuseiroma.cultura.gov.it\/en\/amministrazione-trasparente\/attivita-e-procedimenti\/singoli-procedimenti-di-autorizzazione-e-concessioni\/\">Singoli procedimenti di autorizzazione e concessioni<\/a><\/li>\n<\/ul>\n<\/li>\n<li id=\"menu-item-18041\" class=\"menu-item menu-item-type-post_type menu-item-object-page menu-item-has-children menu-item-18041\"><a href=\"https:\/\/direzionemuseiroma.cultura.gov.it\/en\/amministrazione-trasparente\/attivita-e-procedimenti\/\">Attivit\u00e0 e procedimenti<\/a>\n<ul class=\"sub-menu\">\n\t<li id=\"menu-item-18042\" class=\"menu-item menu-item-type-post_type menu-item-object-page menu-item-18042\"><a href=\"https:\/\/direzionemuseiroma.cultura.gov.it\/en\/amministrazione-trasparente\/attivita-e-procedimenti\/tipologie-di-procedimento\/\">Tipologie di procedimento<\/a><\/li>\n<\/ul>\n<\/li>\n<li id=\"menu-item-18043\" class=\"menu-item menu-item-type-post_type menu-item-object-page menu-item-has-children menu-item-18043\"><a href=\"https:\/\/direzionemuseiroma.cultura.gov.it\/en\/amministrazione-trasparente\/pagamenti-dellamministrazione\/\">Pagamenti dell&#8217;Amministrazione<\/a>\n<ul class=\"sub-menu\">\n\t<li id=\"menu-item-18044\" class=\"menu-item menu-item-type-post_type menu-item-object-page menu-item-18044\"><a href=\"https:\/\/direzionemuseiroma.cultura.gov.it\/en\/amministrazione-trasparente\/pagamenti-dellamministrazione\/indicatore-di-tempestivita-dei-pagamenti\/\">Indicatore di tempestivit\u00e0 dei pagamenti<\/a><\/li>\n\t<li id=\"menu-item-18045\" class=\"menu-item menu-item-type-post_type menu-item-object-page menu-item-18045\"><a href=\"https:\/\/direzionemuseiroma.cultura.gov.it\/en\/amministrazione-trasparente\/pagamenti-dellamministrazione\/pagamenti-informatici\/\">Pagamenti informatici<\/a><\/li>\n<\/ul>\n<\/li>\n<\/ul><\/div><\/li>\n\t\t<\/div>\n\t\t\t\t<\/div>\n\t\t\t\t\t<\/div>\n\t\t<\/div>\n\t\t\t\t\t\t\t<\/div>\n\t\t<\/section>\n\t\t\t\t\t\t\t<\/div>\n\t\t","protected":false},"excerpt":{"rendered":"<p>Dal 01\/09\/2023 INCARICO Direzione Musei Statali della Citt\u00e0 di Roma NOMINATIVO Prof. Massimo Osanna (Direttore Generale avocante) ESTREMI DEGLI ATTI DI CONFERIMENTO D.D. n. 857 del 30\/08\/2023 CURRICULUM VITAE &#8212;&#8212;&#8212;&#8212;&#8212;&#8212;&#8212;- Dal 04\/11\/2020 al 30\/08\/2023 INCARICODirezione Musei Statali della Citt\u00e0 di RomaNOMINATIVODott.ssa Mariastella MargozziSTIPENDIO TABELLARE\u20ac 45.260,77RETRIBUZIONE DI POSIZIONE FISSA\u20ac 12.565,11RETRIBUZIONE DI POSIZIONE VARIABILE\u20ac 25.000,00TOTALE ANNO LORDO\u20ac 82.825,88 DICHIARAZIONE SULL\u2019INSUSSISTENZA DELLE CAUSE DI INCONFERIBILIT\u00c0 E INCOMPATIBILIT\u00c0 DELL\u2019INCARICOAssoltaESTREMI DEGLI ATTI DI CONFERIMENTOD.D. n. 748 del 4.11.2020 CURRICULUM VITAE ALLEGATI:Importi di viaggi di servizio e missioni (All.1)emolumenti complessivi percepiti a carico finanza pubblica (All.2)dichiarazione insussistenza cause incompatibilit\u00e0 e inconferibilit\u00e0 (All.3)dichiarazione annuale insussistenza incompatibilit\u00e0 e inconferibilit\u00e0 (All.4)<\/p>\n","protected":false},"author":1,"featured_media":0,"parent":17881,"menu_order":0,"comment_status":"closed","ping_status":"closed","template":"elementor_header_footer","meta":{"om_disable_all_campaigns":false,"footnotes":""},"categories":[5],"tags":[],"pp_force_visibility":null,"pp_subpost_visibility":null,"pp_inherited_force_visibility":null,"pp_inherited_subpost_visibility":null,"aioseo_notices":[],"_links":{"self":[{"href":"https:\/\/direzionemuseiroma.cultura.gov.it\/en\/wp-json\/wp\/v2\/pages\/17885"}],"collection":[{"href":"https:\/\/direzionemuseiroma.cultura.gov.it\/en\/wp-json\/wp\/v2\/pages"}],"about":[{"href":"https:\/\/direzionemuseiroma.cultura.gov.it\/en\/wp-json\/wp\/v2\/types\/page"}],"author":[{"embeddable":true,"href":"https:\/\/direzionemuseiroma.cultura.gov.it\/en\/wp-json\/wp\/v2\/users\/1"}],"replies":[{"embeddable":true,"href":"https:\/\/direzionemuseiroma.cultura.gov.it\/en\/wp-json\/wp\/v2\/comments?post=17885"}],"version-history":[{"count":1,"href":"https:\/\/direzionemuseiroma.cultura.gov.it\/en\/wp-json\/wp\/v2\/pages\/17885\/revisions"}],"predecessor-version":[{"id":17886,"href":"https:\/\/direzionemuseiroma.cultura.gov.it\/en\/wp-json\/wp\/v2\/pages\/17885\/revisions\/17886"}],"up":[{"embeddable":true,"href":"https:\/\/direzionemuseiroma.cultura.gov.it\/en\/wp-json\/wp\/v2\/pages\/17881"}],"wp:attachment":[{"href":"https:\/\/direzionemuseiroma.cultura.gov.it\/en\/wp-json\/wp\/v2\/media?parent=17885"}],"wp:term":[{"taxonomy":"category","embeddable":true,"href":"https:\/\/direzionemuseiroma.cultura.gov.it\/en\/wp-json\/wp\/v2\/categories?post=17885"},{"taxonomy":"post_tag","embeddable":true,"href":"https:\/\/direzionemuseiroma.cultura.gov.it\/en\/wp-json\/wp\/v2\/tags?post=17885"}],"curies":[{"name":"wp","href":"https:\/\/api.w.org\/{rel}","templated":true}]}}