{"id":17679,"date":"2023-05-22T15:04:57","date_gmt":"2023-05-22T15:04:57","guid":{"rendered":"https:\/\/direzionemuseiroma.cultura.gov.it\/director\/"},"modified":"2024-08-05T14:48:41","modified_gmt":"2024-08-05T14:48:41","slug":"director","status":"publish","type":"page","link":"https:\/\/direzionemuseiroma.cultura.gov.it\/en\/director\/","title":{"rendered":"Director"},"content":{"rendered":"\t\t<div data-elementor-type=\"wp-page\" data-elementor-id=\"17679\" class=\"elementor elementor-17679 elementor-7998\" data-elementor-post-type=\"page\">\n\t\t\t\t\t\t\t\t\t<section class=\"elementor-section elementor-top-section elementor-element elementor-element-e3fce51 elementor-section-full_width elementor-section-height-default elementor-section-height-default wpr-particle-no wpr-jarallax-no wpr-parallax-no wpr-sticky-section-no\" data-id=\"e3fce51\" data-element_type=\"section\">\n\t\t\t\t\t\t<div class=\"elementor-container elementor-column-gap-default\">\n\t\t\t\t\t<div class=\"elementor-column elementor-col-100 elementor-top-column elementor-element elementor-element-7de85e4\" data-id=\"7de85e4\" data-element_type=\"column\">\n\t\t\t<div class=\"elementor-widget-wrap elementor-element-populated\">\n\t\t\t\t\t\t\t\t<div class=\"elementor-element elementor-element-cf581df elementor-widget elementor-widget-heading\" data-id=\"cf581df\" data-element_type=\"widget\" data-widget_type=\"heading.default\">\n\t\t\t\t<div class=\"elementor-widget-container\">\n\t\t\t<style>\/*! elementor - v3.15.0 - 09-08-2023 *\/\n.elementor-heading-title{padding:0;margin:0;line-height:1}.elementor-widget-heading .elementor-heading-title[class*=elementor-size-]>a{color:inherit;font-size:inherit;line-height:inherit}.elementor-widget-heading .elementor-heading-title.elementor-size-small{font-size:15px}.elementor-widget-heading .elementor-heading-title.elementor-size-medium{font-size:19px}.elementor-widget-heading .elementor-heading-title.elementor-size-large{font-size:29px}.elementor-widget-heading .elementor-heading-title.elementor-size-xl{font-size:39px}.elementor-widget-heading .elementor-heading-title.elementor-size-xxl{font-size:59px}<\/style><h2 class=\"elementor-heading-title elementor-size-default\">DIRECTOR OF THE MUSEI STATALI DELLA CITT\u00c0 DI ROMA <\/h2>\t\t<\/div>\n\t\t\t\t<\/div>\n\t\t\t\t<div class=\"elementor-element elementor-element-3c23318 elementor-widget elementor-widget-heading\" data-id=\"3c23318\" data-element_type=\"widget\" data-widget_type=\"heading.default\">\n\t\t\t\t<div class=\"elementor-widget-container\">\n\t\t\t<h4 class=\"elementor-heading-title elementor-size-default\">Prof. Massimo Osanna<\/h4>\t\t<\/div>\n\t\t\t\t<\/div>\n\t\t\t\t\t<\/div>\n\t\t<\/div>\n\t\t\t\t\t\t\t<\/div>\n\t\t<\/section>\n\t\t\t\t<section class=\"elementor-section elementor-top-section elementor-element elementor-element-faa1eac elementor-section-full_width elementor-section-height-default elementor-section-height-default wpr-particle-no wpr-jarallax-no wpr-parallax-no wpr-sticky-section-no\" data-id=\"faa1eac\" data-element_type=\"section\">\n\t\t\t\t\t\t<div class=\"elementor-container elementor-column-gap-default\">\n\t\t\t\t\t<div class=\"elementor-column elementor-col-50 elementor-top-column elementor-element elementor-element-1cc661c\" data-id=\"1cc661c\" data-element_type=\"column\">\n\t\t\t<div class=\"elementor-widget-wrap elementor-element-populated\">\n\t\t\t\t\t\t\t\t<div class=\"elementor-element elementor-element-600d66d elementor-widget elementor-widget-text-editor\" data-id=\"600d66d\" data-element_type=\"widget\" data-widget_type=\"text-editor.default\">\n\t\t\t\t<div class=\"elementor-widget-container\">\n\t\t\t<style>\/*! elementor - v3.15.0 - 09-08-2023 *\/\n.elementor-widget-text-editor.elementor-drop-cap-view-stacked .elementor-drop-cap{background-color:#69727d;color:#fff}.elementor-widget-text-editor.elementor-drop-cap-view-framed .elementor-drop-cap{color:#69727d;border:3px solid;background-color:transparent}.elementor-widget-text-editor:not(.elementor-drop-cap-view-default) .elementor-drop-cap{margin-top:8px}.elementor-widget-text-editor:not(.elementor-drop-cap-view-default) .elementor-drop-cap-letter{width:1em;height:1em}.elementor-widget-text-editor .elementor-drop-cap{float:left;text-align:center;line-height:1;font-size:50px}.elementor-widget-text-editor .elementor-drop-cap-letter{display:inline-block}<\/style>\t\t\t\t<div class=\"elementToProof\">\n<p>Massimo Osanna is Full Professor of Classical Archaeology at the &#8220;Federico II&#8221; University of Naples, and is Director General of Museums at the Ministry of Culture. Between 2014 and 2020 he directed the Special Superintendence for Pompeii, Herculaneum and Stabiae and then the Archaeological Park of Pompeii.<\/p>\n<div> <\/div>\n<div>He taught at the University of Basilicata, where he ran the Graduate Programme in Archaeological Heritage in Matera. He taught as a visiting professor at the \u00c9cole Pratique des Hautes \u00c9tudes in Paris and the University of Heidelberg. He has carried out research activities funded by the Humboldt Foundation at the Universities of Berlin and Heidelberg, and also received a grant at the Italian Archaeological School in Athens. He was Superintendent for the Archaeological Heritage of Basilicata.<\/div>\n<div> <\/div>\n<div>He has led many years of field research activities in Italy (Torre di Satriano, Ascoli Satriano, Pantelleria, Taureana di Palmi, Gabii) and abroad (Alesia). He currently conducts research with the Ephoria delle Cicladi and the \u00c9cole fran\u00e7aise d&#8217;Ath\u00e8nes on the island of Rheneia.<\/div>\n<div> <\/div>\n<div>In Pompeii, he coordinated the securing of the entire city and the restoration of major buildings, together with enhancement and usage projects within the framework of the Great Pompeii Project. He also promoted extensive research in the city&#8217;s sanctuaries and public spaces in collaboration with Italian and foreign universities and research institutes, as well as new Regio V excavations.<\/div>\n<div> <\/div>\n<p>He is the author of over a hundred essays and monographs dedicated to the archaeology of Greece and ancient Italy, the study of ancient rituals, the reconstruction of settlement patterns and the phenomena of mobility and cultural contacts, as well as aspects of cultural heritage management and conservation.<\/p>\n<\/div>\n<div class=\"elementToProof\"> <\/div>\n<div class=\"elementToProof\">Since 1 September 2023, he has been Director of the State Museums of the city of Rome.<\/div>\n\t\t\t\t\t\t<\/div>\n\t\t\t\t<\/div>\n\t\t\t\t\t<\/div>\n\t\t<\/div>\n\t\t\t\t<div class=\"elementor-column elementor-col-50 elementor-top-column elementor-element elementor-element-9c426d5\" data-id=\"9c426d5\" data-element_type=\"column\">\n\t\t\t<div class=\"elementor-widget-wrap elementor-element-populated\">\n\t\t\t\t\t\t\t\t<div class=\"elementor-element elementor-element-c4e5cac elementor-widget elementor-widget-image\" data-id=\"c4e5cac\" data-element_type=\"widget\" data-widget_type=\"image.default\">\n\t\t\t\t<div class=\"elementor-widget-container\">\n\t\t\t<style>\/*! elementor - v3.15.0 - 09-08-2023 *\/\n.elementor-widget-image{text-align:center}.elementor-widget-image a{display:inline-block}.elementor-widget-image a img[src$=\".svg\"]{width:48px}.elementor-widget-image img{vertical-align:middle;display:inline-block}<\/style>\t\t\t\t\t\t\t\t\t\t\t\t<img decoding=\"async\" loading=\"lazy\" width=\"300\" height=\"290\" src=\"https:\/\/direzionemuseiroma.cultura.gov.it\/wp-content\/uploads\/2023\/10\/Massimo-Osanna-foto-300x290-1.jpg\" class=\"attachment-large size-large wp-image-10888\" alt=\"\" \/>\t\t\t\t\t\t\t\t\t\t\t\t\t\t\t<\/div>\n\t\t\t\t<\/div>\n\t\t\t\t\t<\/div>\n\t\t<\/div>\n\t\t\t\t\t\t\t<\/div>\n\t\t<\/section>\n\t\t\t\t\t\t\t<\/div>\n\t\t","protected":false},"excerpt":{"rendered":"<p>DIRECTOR OF THE MUSEI STATALI DELLA CITT\u00c0 DI ROMA Prof. Massimo Osanna Massimo Osanna is Full Professor of Classical Archaeology at the &#8220;Federico II&#8221; University of Naples, and is Director General of Museums at the Ministry of Culture. Between 2014 and 2020 he directed the Special Superintendence for Pompeii, Herculaneum and Stabiae and then the Archaeological Park of Pompeii. He taught at the University of Basilicata, where he ran the Graduate Programme in Archaeological Heritage in Matera. He taught as a visiting professor at the \u00c9cole Pratique des Hautes \u00c9tudes in Paris and the University of Heidelberg. He has carried out research activities funded by the Humboldt Foundation at the Universities of Berlin and Heidelberg, and also received a grant at the Italian Archaeological School in Athens. He was Superintendent for the Archaeological Heritage of Basilicata. He has led many years of field research activities in Italy (Torre di Satriano, Ascoli Satriano, Pantelleria, Taureana di Palmi, Gabii) and abroad (Alesia). He currently conducts research with the Ephoria delle Cicladi and the \u00c9cole fran\u00e7aise d&#8217;Ath\u00e8nes on the island of Rheneia. In Pompeii, he coordinated the securing of the entire city and the restoration of major buildings, together with enhancement and usage projects within the framework of the Great Pompeii Project. He also promoted extensive research in the city&#8217;s sanctuaries and public spaces in collaboration with Italian and foreign universities and research institutes, as well as new Regio V excavations. He is the author of over a hundred essays and monographs dedicated to the archaeology of Greece and ancient Italy, the study of ancient rituals, the reconstruction of settlement patterns and the phenomena of mobility and cultural contacts, as well as aspects of cultural heritage management and conservation. Since 1 September 2023, he has been Director of the State Museums of the city of Rome.<\/p>\n","protected":false},"author":1,"featured_media":0,"parent":0,"menu_order":0,"comment_status":"closed","ping_status":"closed","template":"elementor_header_footer","meta":{"om_disable_all_campaigns":false,"footnotes":""},"categories":[5],"tags":[],"pp_force_visibility":null,"pp_subpost_visibility":null,"pp_inherited_force_visibility":null,"pp_inherited_subpost_visibility":null,"aioseo_notices":[],"_links":{"self":[{"href":"https:\/\/direzionemuseiroma.cultura.gov.it\/en\/wp-json\/wp\/v2\/pages\/17679"}],"collection":[{"href":"https:\/\/direzionemuseiroma.cultura.gov.it\/en\/wp-json\/wp\/v2\/pages"}],"about":[{"href":"https:\/\/direzionemuseiroma.cultura.gov.it\/en\/wp-json\/wp\/v2\/types\/page"}],"author":[{"embeddable":true,"href":"https:\/\/direzionemuseiroma.cultura.gov.it\/en\/wp-json\/wp\/v2\/users\/1"}],"replies":[{"embeddable":true,"href":"https:\/\/direzionemuseiroma.cultura.gov.it\/en\/wp-json\/wp\/v2\/comments?post=17679"}],"version-history":[{"count":1,"href":"https:\/\/direzionemuseiroma.cultura.gov.it\/en\/wp-json\/wp\/v2\/pages\/17679\/revisions"}],"predecessor-version":[{"id":17680,"href":"https:\/\/direzionemuseiroma.cultura.gov.it\/en\/wp-json\/wp\/v2\/pages\/17679\/revisions\/17680"}],"wp:attachment":[{"href":"https:\/\/direzionemuseiroma.cultura.gov.it\/en\/wp-json\/wp\/v2\/media?parent=17679"}],"wp:term":[{"taxonomy":"category","embeddable":true,"href":"https:\/\/direzionemuseiroma.cultura.gov.it\/en\/wp-json\/wp\/v2\/categories?post=17679"},{"taxonomy":"post_tag","embeddable":true,"href":"https:\/\/direzionemuseiroma.cultura.gov.it\/en\/wp-json\/wp\/v2\/tags?post=17679"}],"curies":[{"name":"wp","href":"https:\/\/api.w.org\/{rel}","templated":true}]}}